{"id":17508,"date":"2024-02-13T12:45:59","date_gmt":"2024-02-13T11:45:59","guid":{"rendered":"https:\/\/ai.lukasiewicz.gov.pl\/projects\/"},"modified":"2026-03-19T15:32:35","modified_gmt":"2026-03-19T14:32:35","slug":"projects","status":"publish","type":"page","link":"https:\/\/ai.lukasiewicz.gov.pl\/en\/projects\/","title":{"rendered":"Projects"},"content":{"rendered":"\t\t<div data-elementor-type=\"wp-page\" data-elementor-id=\"17508\" class=\"elementor elementor-17508 elementor-16099\" data-elementor-post-type=\"page\">\n\t\t\t\t\t\t<section class=\"elementor-section elementor-top-section elementor-element elementor-element-4c0028b elementor-section-content-bottom elementor-section-boxed elementor-section-height-default elementor-section-height-default\" data-id=\"4c0028b\" data-element_type=\"section\" data-e-type=\"section\" data-settings=\"{&quot;background_background&quot;:&quot;classic&quot;}\">\n\t\t\t\t\t\t<div class=\"elementor-container elementor-column-gap-default\">\n\t\t\t\t\t<div class=\"elementor-column elementor-col-100 elementor-top-column elementor-element elementor-element-1d5f707\" data-id=\"1d5f707\" data-element_type=\"column\" data-e-type=\"column\">\n\t\t\t<div class=\"elementor-widget-wrap elementor-element-populated\">\n\t\t\t\t\t\t<div class=\"elementor-element elementor-element-9c05b19 elementor-widget__width-auto elementor-widget elementor-widget-heading\" data-id=\"9c05b19\" data-element_type=\"widget\" data-e-type=\"widget\" data-widget_type=\"heading.default\">\n\t\t\t\t<div class=\"elementor-widget-container\">\n\t\t\t\t\t<p class=\"elementor-heading-title elementor-size-small\">Our projects<\/p>\t\t\t\t<\/div>\n\t\t\t\t<\/div>\n\t\t\t\t<div class=\"elementor-element elementor-element-94b72a2 elementor-widget elementor-widget-heading\" data-id=\"94b72a2\" data-element_type=\"widget\" data-e-type=\"widget\" data-widget_type=\"heading.default\">\n\t\t\t\t<div class=\"elementor-widget-container\">\n\t\t\t\t\t<h1 class=\"elementor-heading-title elementor-size-default\">Projects<\/h1>\t\t\t\t<\/div>\n\t\t\t\t<\/div>\n\t\t\t\t\t<\/div>\n\t\t<\/div>\n\t\t\t\t\t<\/div>\n\t\t<\/section>\n\t\t\t\t<div class=\"elementor-section elementor-top-section elementor-element elementor-element-81c58d4 elementor-section-boxed elementor-section-height-default elementor-section-height-default\" data-id=\"81c58d4\" data-element_type=\"section\" data-e-type=\"section\">\n\t\t\t\t\t\t<div class=\"elementor-container elementor-column-gap-default\">\n\t\t\t\t\t<div class=\"elementor-column elementor-col-100 elementor-top-column elementor-element elementor-element-a541352\" data-id=\"a541352\" data-element_type=\"column\" data-e-type=\"column\" data-settings=\"{&quot;background_background&quot;:&quot;classic&quot;}\">\n\t\t\t<div class=\"elementor-widget-wrap elementor-element-populated\">\n\t\t\t\t\t\t<div class=\"elementor-section elementor-inner-section elementor-element elementor-element-b1815b2 elementor-section-full_width elementor-section-content-top grid-old-institutes elementor-section-height-default elementor-section-height-default\" data-id=\"b1815b2\" data-element_type=\"section\" data-e-type=\"section\">\n\t\t\t\t\t\t<div class=\"elementor-container elementor-column-gap-custom\">\n\t\t\t\t\t<div class=\"elementor-column elementor-col-50 elementor-inner-column elementor-element elementor-element-12ba6e0\" data-id=\"12ba6e0\" data-element_type=\"column\" data-e-type=\"column\">\n\t\t\t<div class=\"elementor-widget-wrap elementor-element-populated\">\n\t\t\t\t\t\t<div class=\"elementor-element elementor-element-55f7bde elementor-widget__width-inherit elementor-position-top elementor-widget elementor-widget-image-box\" data-id=\"55f7bde\" data-element_type=\"widget\" data-e-type=\"widget\" data-widget_type=\"image-box.default\">\n\t\t\t\t<div class=\"elementor-widget-container\">\n\t\t\t\t\t<div class=\"elementor-image-box-wrapper\"><figure class=\"elementor-image-box-img\"><img fetchpriority=\"high\" decoding=\"async\" width=\"2560\" height=\"1707\" src=\"https:\/\/ai.lukasiewicz.gov.pl\/wp-content\/uploads\/sites\/22\/2023\/09\/happy-female-entrepreneurs-reading-email-computer-while-working-together-office-focus-is-redhead-wom-scaled.webp\" class=\"attachment-full size-full wp-image-11795\" alt=\"dwie kobiety w du\u017cym jasnym pomieszczeniu przy monitorze, jedna z nich wskazuje na ekran\" srcset=\"https:\/\/ai.lukasiewicz.gov.pl\/wp-content\/uploads\/sites\/22\/2023\/09\/happy-female-entrepreneurs-reading-email-computer-while-working-together-office-focus-is-redhead-wom-scaled.webp 2560w, https:\/\/ai.lukasiewicz.gov.pl\/wp-content\/uploads\/sites\/22\/2023\/09\/happy-female-entrepreneurs-reading-email-computer-while-working-together-office-focus-is-redhead-wom-300x200.webp 300w, https:\/\/ai.lukasiewicz.gov.pl\/wp-content\/uploads\/sites\/22\/2023\/09\/happy-female-entrepreneurs-reading-email-computer-while-working-together-office-focus-is-redhead-wom-1024x683.webp 1024w, https:\/\/ai.lukasiewicz.gov.pl\/wp-content\/uploads\/sites\/22\/2023\/09\/happy-female-entrepreneurs-reading-email-computer-while-working-together-office-focus-is-redhead-wom-768x512.webp 768w, https:\/\/ai.lukasiewicz.gov.pl\/wp-content\/uploads\/sites\/22\/2023\/09\/happy-female-entrepreneurs-reading-email-computer-while-working-together-office-focus-is-redhead-wom-1536x1024.webp 1536w, https:\/\/ai.lukasiewicz.gov.pl\/wp-content\/uploads\/sites\/22\/2023\/09\/happy-female-entrepreneurs-reading-email-computer-while-working-together-office-focus-is-redhead-wom-2048x1365.webp 2048w, https:\/\/ai.lukasiewicz.gov.pl\/wp-content\/uploads\/sites\/22\/2023\/09\/happy-female-entrepreneurs-reading-email-computer-while-working-together-office-focus-is-redhead-wom-1200x800.webp 1200w, https:\/\/ai.lukasiewicz.gov.pl\/wp-content\/uploads\/sites\/22\/2023\/09\/happy-female-entrepreneurs-reading-email-computer-while-working-together-office-focus-is-redhead-wom-1980x1320.webp 1980w\" sizes=\"(max-width: 2560px) 100vw, 2560px\" \/><\/figure><div class=\"elementor-image-box-content\"><h2 class=\"elementor-image-box-title\">National projects<\/h2><\/div><\/div>\t\t\t\t<\/div>\n\t\t\t\t<\/div>\n\t\t\t\t<div class=\"elementor-element elementor-element-86bc472 elementor-widget elementor-widget-text-editor\" data-id=\"86bc472\" data-element_type=\"widget\" data-e-type=\"widget\" data-widget_type=\"text-editor.default\">\n\t\t\t\t<div class=\"elementor-widget-container\">\n\t\t\t\t\t\t\t\t\t<div class=\"projekty\">\n<h3 style=\"font-size: 18px;font-weight: bold\">Ongoing projects<\/h3>\n<ul>\n \t<li><a href=\"https:\/\/ai.lukasiewicz.gov.pl\/en\/projekty-krajowe\/crwid\/\">CRWID<\/a><\/li>\n \t<li><a href=\"https:\/\/ai.lukasiewicz.gov.pl\/en\/projekty-krajowe\/edgepl\/\">EdgePL<\/a><\/li>\n \t<li><a href=\"https:\/\/ai.lukasiewicz.gov.pl\/en\/projekty-krajowe\/osocze\/\">OSOCZE<\/a><\/li>\n \t<li><a href=\"https:\/\/ai.lukasiewicz.gov.pl\/en\/projekty-krajowe\/mawo\/\">MAWO<\/a><\/li>\n \t<li><a href=\"https:\/\/ai.lukasiewicz.gov.pl\/en\/projekty-krajowe\/wodowo\/\">WODOWO<\/a><\/li>\n \t<li><a href=\"https:\/\/ai.lukasiewicz.gov.pl\/en\/projekty-krajowe\/cyberbeam\/\">CyberBEAM<\/a><\/li>\n \t<li><a href=\"https:\/\/ai.lukasiewicz.gov.pl\/en\/projekty-krajowe\/spinet\/\">SPINET<\/a><\/li>\n \t<li><a href=\"https:\/\/ai.lukasiewicz.gov.pl\/en\/projekty-krajowe\/call-pol-childhood-all-in-poland\/\">CALL-POL (Childhood ALL in Poland)<\/a><\/li>\n \t<li><a href=\"https:\/\/ai.lukasiewicz.gov.pl\/en\/projekty-krajowe\/cudzoziemiec\/\">CUDZOZIEMIEC<\/a><\/li>\n \t<li><a href=\"https:\/\/ai.lukasiewicz.gov.pl\/en\/projekty-krajowe\/son\/\">SON<\/a><\/li>\n \t<li><a href=\"https:\/\/ai.lukasiewicz.gov.pl\/en\/projekty-krajowe\/ev-lkp1\/\">EV-LKP1<\/a><\/li>\n<\/ul>\n<h3 style=\"font-size: 18px;font-weight: bold\">Completed projects<\/h3>\n<ul>\n<li><a href=\"https:\/\/ai.lukasiewicz.gov.pl\/en\/projekty-krajowe\/accessible-book\/\">Accessible Book<\/a><\/li>\n \t<li><a href=\"https:\/\/ai.lukasiewicz.gov.pl\/en\/projekty-krajowe\/oswiata-2\/\">O\u015aWIATA<\/a><\/li>\n \t<li><a href=\"https:\/\/ai.lukasiewicz.gov.pl\/en\/projekty-krajowe\/ciop\/\">CIOP<\/a><\/li>\n \t<li><a href=\"https:\/\/ai.lukasiewicz.gov.pl\/en\/projekty-krajowe\/composite-fuels\/\">Composite Fuels<\/a><\/li>\n \t<li><a href=\"https:\/\/ai.lukasiewicz.gov.pl\/en\/projekty-krajowe\/integrated-analytical-platform\/\">Integrated Analytical Platform<\/a><\/li>\n \t<li><a href=\"https:\/\/ai.lukasiewicz.gov.pl\/en\/projekty-krajowe\/twin\/\">TWIN<\/a><\/li>\n \t<li><a href=\"https:\/\/ai.lukasiewicz.gov.pl\/en\/projekty-krajowe\/science-picnic\/\">Science Picnic<\/a><\/li>\n \t<li><a href=\"https:\/\/ai.lukasiewicz.gov.pl\/en\/projekty-krajowe\/open-days\/\">Open Days<\/a><\/li>\n \t<li><a href=\"https:\/\/ai.lukasiewicz.gov.pl\/en\/projekty-krajowe\/radio\/\">Radio<\/a><\/li>\n \t<li><a href=\"https:\/\/ai.lukasiewicz.gov.pl\/en\/projekty-krajowe\/public-administration-catalogs\/\">Public Administration Catalogs<\/a><\/li>\n \t<li><a href=\"https:\/\/ai.lukasiewicz.gov.pl\/en\/projekty-krajowe\/tsec\/\">tSEC<\/a><\/li>\n \t<li><a href=\"https:\/\/ai.lukasiewicz.gov.pl\/en\/projekty-krajowe\/crz\/\">CRZ<\/a><\/li>\n \t<li><a href=\"https:\/\/ai.lukasiewicz.gov.pl\/en\/projekty-krajowe\/b3s\/\">B3S<\/a><\/li>\n \t<li><a href=\"https:\/\/ai.lukasiewicz.gov.pl\/en\/projekty-krajowe\/optima\/\">OPTIMA<\/a><\/li>\n \t<li><a href=\"https:\/\/ai.lukasiewicz.gov.pl\/en\/projekty-krajowe\/kociol-pylowy-pulverized-fuel-boiler\/\">KOCIO\u0141 PY\u0141OWY (Pulverized Fuel Boiler)<\/a><\/li>\n \t<li><a href=\"https:\/\/ai.lukasiewicz.gov.pl\/en\/projekty-krajowe\/ankietypjm\/\">AnkietyPJM<\/a><\/li>\n \t<li><a href=\"https:\/\/ai.lukasiewicz.gov.pl\/en\/projekty-krajowe\/rolap-ml\/\">ROLAP-ML<\/a><\/li>\n \t<li><a href=\"https:\/\/ai.lukasiewicz.gov.pl\/en\/projekty-krajowe\/prawo\/\">PRAWO<\/a><\/li>\n \t<li><a href=\"https:\/\/ai.lukasiewicz.gov.pl\/en\/projekty-krajowe\/awatar2pjm\/\">Awatar2PJM<\/a><\/li>\n \t<li><a href=\"https:\/\/ai.lukasiewicz.gov.pl\/en\/projekty-krajowe\/awatarpjm\/\">AwatarPJM<\/a><\/li>\n \t<li><a href=\"https:\/\/ai.lukasiewicz.gov.pl\/en\/projekty-krajowe\/regsoc\/\">RegSOC<\/a><\/li>\n \t<li><a href=\"https:\/\/ai.lukasiewicz.gov.pl\/en\/projekty-krajowe\/kso3c\/\">KSO3C<\/a><\/li>\n \t<li><a href=\"https:\/\/ai.lukasiewicz.gov.pl\/en\/projekty-krajowe\/pom-py\/\">POM-PY<\/a><\/li>\n \t<li><a href=\"https:\/\/ai.lukasiewicz.gov.pl\/en\/projekty-krajowe\/wildcat\/\">WILDCAT<\/a><\/li>\n \t<li><a href=\"https:\/\/ai.lukasiewicz.gov.pl\/en\/projekty-krajowe\/personall\/\">PersonALL<\/a><\/li>\n \t<li><a href=\"https:\/\/ai.lukasiewicz.gov.pl\/en\/projekty-krajowe\/seismobile\/\">SEISMOBILE<\/a><\/li>\n \t<li><a href=\"https:\/\/ai.lukasiewicz.gov.pl\/en\/projekty-krajowe\/bshc\/\">BSHC<\/a><\/li>\n \t<li><a href=\"https:\/\/ai.lukasiewicz.gov.pl\/en\/projekty-krajowe\/openiotbc\/\">OpenIoTBC<\/a><\/li>\n \t<li><a href=\"https:\/\/ai.lukasiewicz.gov.pl\/en\/projekty-krajowe\/audiomovie\/\">AudioMovie<\/a><\/li>\n \t<li><a href=\"https:\/\/ai.lukasiewicz.gov.pl\/en\/projekty-krajowe\/openart\/\">OPENArt<\/a><\/li>\n \t<li><a href=\"https:\/\/ai.lukasiewicz.gov.pl\/en\/projekty-krajowe\/disesor\/\">DISESOR<\/a><\/li>\n \t<li><a href=\"https:\/\/ai.lukasiewicz.gov.pl\/en\/projekty-krajowe\/lofres\/\">LOFRES<\/a><\/li>\n \t<li><a href=\"https:\/\/ai.lukasiewicz.gov.pl\/en\/projekty-krajowe\/blac\/\">BLAC<\/a><\/li>\n \t<li><a href=\"https:\/\/ai.lukasiewicz.gov.pl\/en\/projekty-krajowe\/ingeo\/\">INGEO<\/a><\/li>\n \t<li><a href=\"https:\/\/ai.lukasiewicz.gov.pl\/en\/projekty-krajowe\/mpi\/\">MPI<\/a><\/li>\n \t<li><a href=\"https:\/\/ai.lukasiewicz.gov.pl\/en\/projekty-krajowe\/ustka\/\">USTKA<\/a><\/li>\n<\/ul>\n<\/div>\t\t\t\t\t\t\t\t<\/div>\n\t\t\t\t<\/div>\n\t\t\t\t\t<\/div>\n\t\t<\/div>\n\t\t\t\t<div class=\"elementor-column elementor-col-50 elementor-inner-column elementor-element elementor-element-6034004\" data-id=\"6034004\" data-element_type=\"column\" data-e-type=\"column\">\n\t\t\t<div class=\"elementor-widget-wrap elementor-element-populated\">\n\t\t\t\t\t\t<div class=\"elementor-element elementor-element-6dd998b elementor-widget__width-inherit elementor-position-top elementor-widget elementor-widget-image-box\" data-id=\"6dd998b\" data-element_type=\"widget\" data-e-type=\"widget\" data-widget_type=\"image-box.default\">\n\t\t\t\t<div class=\"elementor-widget-container\">\n\t\t\t\t\t<div class=\"elementor-image-box-wrapper\"><figure class=\"elementor-image-box-img\"><img decoding=\"async\" width=\"2560\" height=\"1707\" src=\"https:\/\/ai.lukasiewicz.gov.pl\/wp-content\/uploads\/sites\/22\/2023\/09\/business-team-cooperating-while-developing-new-business-strategy-office-focus-is-young-man-presentin-scaled.webp\" class=\"attachment-full size-full wp-image-11788\" alt=\"Grupa 4 os\u00f3b w pomieszczeniu, dwie kobiety, dwaj m\u0119\u017cczy\u017ani stoja przy flipcharcie, na kt\u00f3rym prezentowane s\u0105 dane.\" srcset=\"https:\/\/ai.lukasiewicz.gov.pl\/wp-content\/uploads\/sites\/22\/2023\/09\/business-team-cooperating-while-developing-new-business-strategy-office-focus-is-young-man-presentin-scaled.webp 2560w, https:\/\/ai.lukasiewicz.gov.pl\/wp-content\/uploads\/sites\/22\/2023\/09\/business-team-cooperating-while-developing-new-business-strategy-office-focus-is-young-man-presentin-300x200.webp 300w, https:\/\/ai.lukasiewicz.gov.pl\/wp-content\/uploads\/sites\/22\/2023\/09\/business-team-cooperating-while-developing-new-business-strategy-office-focus-is-young-man-presentin-1024x683.webp 1024w, https:\/\/ai.lukasiewicz.gov.pl\/wp-content\/uploads\/sites\/22\/2023\/09\/business-team-cooperating-while-developing-new-business-strategy-office-focus-is-young-man-presentin-768x512.webp 768w, https:\/\/ai.lukasiewicz.gov.pl\/wp-content\/uploads\/sites\/22\/2023\/09\/business-team-cooperating-while-developing-new-business-strategy-office-focus-is-young-man-presentin-1536x1024.webp 1536w, https:\/\/ai.lukasiewicz.gov.pl\/wp-content\/uploads\/sites\/22\/2023\/09\/business-team-cooperating-while-developing-new-business-strategy-office-focus-is-young-man-presentin-2048x1365.webp 2048w, https:\/\/ai.lukasiewicz.gov.pl\/wp-content\/uploads\/sites\/22\/2023\/09\/business-team-cooperating-while-developing-new-business-strategy-office-focus-is-young-man-presentin-1200x800.webp 1200w, https:\/\/ai.lukasiewicz.gov.pl\/wp-content\/uploads\/sites\/22\/2023\/09\/business-team-cooperating-while-developing-new-business-strategy-office-focus-is-young-man-presentin-1980x1320.webp 1980w\" sizes=\"(max-width: 2560px) 100vw, 2560px\" \/><\/figure><div class=\"elementor-image-box-content\"><h2 class=\"elementor-image-box-title\">International projects<\/h2><\/div><\/div>\t\t\t\t<\/div>\n\t\t\t\t<\/div>\n\t\t\t\t<div class=\"elementor-element elementor-element-df0517d elementor-widget elementor-widget-text-editor\" data-id=\"df0517d\" data-element_type=\"widget\" data-e-type=\"widget\" data-widget_type=\"text-editor.default\">\n\t\t\t\t<div class=\"elementor-widget-container\">\n\t\t\t\t\t\t\t\t\t<div class=\"projekty\">\n<h3 style=\"font-size: 18px;font-weight: bold\">Ongoing projects<\/h3>\n<ul>\n<li><a href=\"https:\/\/ai.lukasiewicz.gov.pl\/en\/projekty-miedzynarodowe\/snade\/\">SNADE<\/a><\/li>\n \t<li><a href=\"https:\/\/ai.lukasiewicz.gov.pl\/en\/projekty-miedzynarodowe\/oscrat\/\">OSCRAT<\/a><\/li>\n \t<li><a href=\"https:\/\/ai.lukasiewicz.gov.pl\/en\/projekty-miedzynarodowe\/cti-ai\/\">CTI-AI<\/a><\/li>\n \t<li><a href=\"https:\/\/ai.lukasiewicz.gov.pl\/en\/projekty-miedzynarodowe\/mine-io\/\">Mine.io<\/a><\/li>\n \t<li><a href=\"https:\/\/ai.lukasiewicz.gov.pl\/en\/projekty-miedzynarodowe\/fp1-motional\/\">FP1 \u2013 MOTIONAL<\/a><\/li>\n \t<li><a href=\"https:\/\/ai.lukasiewicz.gov.pl\/en\/projekty-miedzynarodowe\/fp4-rail4earth\/\">FP4 \u2013 Rail4Earth<\/a><\/li>\n \t<li><a href=\"https:\/\/ai.lukasiewicz.gov.pl\/en\/projekty-miedzynarodowe\/edih-silesia-smart-systems\/\">EDIH SILESIA SMART SYSTEMS<\/a><\/li>\n<\/ul>\n<h3 style=\"font-size: 18px;font-weight: bold\">Completed projects<\/h3>\n<ul>\n \t<li><a href=\"https:\/\/ai.lukasiewicz.gov.pl\/en\/projekty-miedzynarodowe\/sumad\/\">SUMAD<\/a><\/li>\n \t<li><a href=\"https:\/\/ai.lukasiewicz.gov.pl\/en\/projekty-miedzynarodowe\/indires\/\">INDIRES<\/a><\/li>\n \t<li><a href=\"https:\/\/ai.lukasiewicz.gov.pl\/en\/projekty-miedzynarodowe\/rocd\/\">ROCD<\/a><\/li>\n \t<li><a href=\"https:\/\/ai.lukasiewicz.gov.pl\/en\/projekty-miedzynarodowe\/valuesec\/\">VALUESEC<\/a><\/li>\n \t<li><a href=\"https:\/\/ai.lukasiewicz.gov.pl\/en\/projekty-miedzynarodowe\/avento\/\">AVENTO<\/a><\/li>\n \t<li><a href=\"https:\/\/ai.lukasiewicz.gov.pl\/en\/projekty-miedzynarodowe\/minfirex\/\">MINFIREX<\/a><\/li>\n<\/ul>\n<\/div>\t\t\t\t\t\t\t\t<\/div>\n\t\t\t\t<\/div>\n\t\t\t\t\t<\/div>\n\t\t<\/div>\n\t\t\t\t\t<\/div>\n\t\t<\/div>\n\t\t\t\t\t<\/div>\n\t\t<\/div>\n\t\t\t\t\t<\/div>\n\t\t<\/div>\n\t\t\t\t<section class=\"elementor-section elementor-top-section elementor-element elementor-element-5ae1927 elementor-section-boxed elementor-section-height-default elementor-section-height-default\" data-id=\"5ae1927\" data-element_type=\"section\" data-e-type=\"section\">\n\t\t\t\t\t\t<div class=\"elementor-container elementor-column-gap-default\">\n\t\t\t\t\t<div class=\"elementor-column elementor-col-100 elementor-top-column elementor-element elementor-element-4c562d6\" data-id=\"4c562d6\" data-element_type=\"column\" data-e-type=\"column\">\n\t\t\t<div class=\"elementor-widget-wrap elementor-element-populated\">\n\t\t\t\t\t\t<div class=\"elementor-element elementor-element-e0a7255 elementor-widget elementor-widget-spacer\" data-id=\"e0a7255\" data-element_type=\"widget\" data-e-type=\"widget\" data-widget_type=\"spacer.default\">\n\t\t\t\t<div class=\"elementor-widget-container\">\n\t\t\t\t\t\t\t<div class=\"elementor-spacer\">\n\t\t\t<div class=\"elementor-spacer-inner\"><\/div>\n\t\t<\/div>\n\t\t\t\t\t\t<\/div>\n\t\t\t\t<\/div>\n\t\t\t\t\t<\/div>\n\t\t<\/div>\n\t\t\t\t\t<\/div>\n\t\t<\/section>\n\t\t\t\t<\/div>\n\t\t","protected":false},"excerpt":{"rendered":"<p>Our projects Projects National projects Ongoing projects CRWID EdgePL OSOCZE MAWO WODOWO CyberBEAM SPINET CALL-POL (Childhood ALL in Poland) CUDZOZIEMIEC SON EV-LKP1 Completed projects Accessible Book O\u015aWIATA CIOP Composite Fuels Integrated Analytical Platform TWIN Science Picnic Open Days Radio Public Administration Catalogs tSEC CRZ B3S OPTIMA KOCIO\u0141 PY\u0141OWY (Pulverized Fuel Boiler) AnkietyPJM ROLAP-ML PRAWO Awatar2PJM [&hellip;]<\/p>\n","protected":false},"author":148,"featured_media":0,"parent":0,"menu_order":0,"comment_status":"closed","ping_status":"closed","template":"","meta":{"_acf_changed":false,"_seopress_robots_primary_cat":"","_seopress_titles_title":"R&D Projects \u2013 \u0141ukasiewicz AI | Domestic and International","_seopress_titles_desc":"Learn about the research and development projects implemented by \u0141ukasiewicz AI: national and international initiatives supporting innovation and industry.","_seopress_robots_index":"","inline_featured_image":false,"footnotes":""},"class_list":["post-17508","page","type-page","status-publish","hentry"],"acf":{"page_icon":null},"publishpress_future_action":{"enabled":false,"date":"2026-03-29 09:37:02","action":"change-status","newStatus":"draft","terms":[],"taxonomy":"translation_priority","extraData":[]},"publishpress_future_workflow_manual_trigger":{"enabledWorkflows":[]},"_links":{"self":[{"href":"https:\/\/ai.lukasiewicz.gov.pl\/en\/wp-json\/wp\/v2\/pages\/17508","targetHints":{"allow":["GET"]}}],"collection":[{"href":"https:\/\/ai.lukasiewicz.gov.pl\/en\/wp-json\/wp\/v2\/pages"}],"about":[{"href":"https:\/\/ai.lukasiewicz.gov.pl\/en\/wp-json\/wp\/v2\/types\/page"}],"author":[{"embeddable":true,"href":"https:\/\/ai.lukasiewicz.gov.pl\/en\/wp-json\/wp\/v2\/users\/148"}],"replies":[{"embeddable":true,"href":"https:\/\/ai.lukasiewicz.gov.pl\/en\/wp-json\/wp\/v2\/comments?post=17508"}],"version-history":[{"count":5,"href":"https:\/\/ai.lukasiewicz.gov.pl\/en\/wp-json\/wp\/v2\/pages\/17508\/revisions"}],"predecessor-version":[{"id":26397,"href":"https:\/\/ai.lukasiewicz.gov.pl\/en\/wp-json\/wp\/v2\/pages\/17508\/revisions\/26397"}],"wp:attachment":[{"href":"https:\/\/ai.lukasiewicz.gov.pl\/en\/wp-json\/wp\/v2\/media?parent=17508"}],"curies":[{"name":"wp","href":"https:\/\/api.w.org\/{rel}","templated":true}]}}